{"id":45,"date":"2009-06-02T17:08:47","date_gmt":"2009-06-02T17:08:47","guid":{"rendered":"http:\/\/blogs.elpunt.cat\/carlesgorini\/about-2\/"},"modified":"2014-03-10T16:27:34","modified_gmt":"2014-03-10T14:27:34","slug":"about-2","status":"publish","type":"page","link":"https:\/\/blogs.elpunt.cat\/carlesgorini\/about-2\/","title":{"rendered":"Quant a mi"},"content":{"rendered":"<p>S\u00f3c llicenciat en Hist\u00f2ria per la Universitat de Barcelona i M\u00e0ster en Comunicaci\u00f3 i Estudis Culturals per la Universitat de Girona. Treballo a la <em>Fundaci\u00f3 Girona. Universitat i Futur<\/em>. M&#8217;agraden els trens.<\/p>\n<p><a href=\"mailto:carles.gorini@periodistes.org\">carles.gorini@periodistes.org<\/a><\/p>\n<p><a href=\"http:\/\/blogs.elpunt.cat\/carlesgorini\/files\/2009\/06\/dsc_71502.jpg\"><img loading=\"lazy\" decoding=\"async\" class=\"alignleft size-medium wp-image-74\" alt=\"\" src=\"http:\/\/blogs.elpunt.cat\/carlesgorini\/files\/2009\/06\/dsc_71502-300x212.jpg\" width=\"300\" height=\"212\" \/><\/a><\/p>\n","protected":false},"excerpt":{"rendered":"<p>S\u00f3c llicenciat en Hist\u00f2ria per la Universitat de Barcelona i M\u00e0ster en Comunicaci\u00f3 i Estudis Culturals per la Universitat de Girona. Treballo a la Fundaci\u00f3 Girona. Universitat i Futur. M&#8217;agraden els trens. carles.gorini@periodistes.org<\/p>\n","protected":false},"author":23,"featured_media":0,"parent":0,"menu_order":0,"comment_status":"closed","ping_status":"closed","template":"","meta":{"footnotes":""},"class_list":["post-45","page","type-page","status-publish","hentry"],"_links":{"self":[{"href":"https:\/\/blogs.elpunt.cat\/carlesgorini\/wp-json\/wp\/v2\/pages\/45","targetHints":{"allow":["GET"]}}],"collection":[{"href":"https:\/\/blogs.elpunt.cat\/carlesgorini\/wp-json\/wp\/v2\/pages"}],"about":[{"href":"https:\/\/blogs.elpunt.cat\/carlesgorini\/wp-json\/wp\/v2\/types\/page"}],"author":[{"embeddable":true,"href":"https:\/\/blogs.elpunt.cat\/carlesgorini\/wp-json\/wp\/v2\/users\/23"}],"replies":[{"embeddable":true,"href":"https:\/\/blogs.elpunt.cat\/carlesgorini\/wp-json\/wp\/v2\/comments?post=45"}],"version-history":[{"count":4,"href":"https:\/\/blogs.elpunt.cat\/carlesgorini\/wp-json\/wp\/v2\/pages\/45\/revisions"}],"predecessor-version":[{"id":75,"href":"https:\/\/blogs.elpunt.cat\/carlesgorini\/wp-json\/wp\/v2\/pages\/45\/revisions\/75"}],"wp:attachment":[{"href":"https:\/\/blogs.elpunt.cat\/carlesgorini\/wp-json\/wp\/v2\/media?parent=45"}],"curies":[{"name":"wp","href":"https:\/\/api.w.org\/{rel}","templated":true}]}}