{"id":2,"date":"2009-01-20T13:24:08","date_gmt":"2009-01-20T12:24:08","guid":{"rendered":""},"modified":"2023-03-02T19:52:19","modified_gmt":"2023-03-02T18:52:19","slug":"about","status":"publish","type":"page","link":"https:\/\/blogs.elpunt.cat\/carlesribera\/about\/","title":{"rendered":"Dades personals"},"content":{"rendered":"<p>Carles Ribera (Girona, 1968) Periodista i llicenciat en Hist\u00f2ria. <\/p>\n<p>Actualment treballo al Consell de l&#8217;Audiovisual de Catalunya (CAC)<\/p>\n<p>Vaig ser cofundador i vaig dirigir durant els primers quatre anys el setmanari La Rep\u00fablica, entre l\u2019abril de 2018 i el mar\u00e7 de 2022.<\/p>\n<p>Des de l\u20191 de juliol al 27 d\u2019octubre del 2017 vaig ser cap de gabinet del conseller Santi Vila al Departament d&#8217;Empresa i Coneixement de la Generalitat de Catalunya.<\/p>\n<p>Des del 14 d\u2019abril al 2016 i l\u20191 de juliol del 2017 vaig ser cap de gabinet del conseller Santi Vila al Departament de Cultura de la Generalitat de Catalunya.<\/p>\n<p>Vaig ser vicedirector d&#8217;El Punt Avui des de l\u20191 de desembre del 2012 fins a l\u20191 de mar\u00e7 del 2016.<\/p>\n<p>Vaig ser subdirector del diari El Punt Avui del 31 de juliol del 2011 fins al 30 de novembre del 2012.<\/p>\n<p>Vaig ser subdirector del diari Avui des del 15 de mar\u00e7 de 2010 fins al 30 juliol del 2011. <\/p>\n<p>Vaig treballar al diari El Punt des del desembre del 1990 fins el\u00a015 de mar\u00e7 de 2010, fent informaci\u00f3 local i a la secci\u00f3 d\u2019Economia. Del 1997 al 2010 vaig ser-ne redactor en cap.<\/p>\n<p>Durant 20 anys (1998-2018) vaig escriure la columna Cor Agre a la revista Pres\u00e8ncia.<\/p>\n<p>Del 2008 al 2016 vaig ser membre del consell de participaci\u00f3 del Memorial Democr\u00e0tic.<\/p>\n<p>He guanyat la Beca Carles Rahola d&#8217;investigaci\u00f3 hist\u00f2rica sobre periodisme (2016) i la Beca d&#8217;Estudis Hist\u00f2rics President Irla (2021)<\/p>\n<p>He publicat tres llibres de tem\u00e0tica hist\u00f2rica, <a href=\"http:\/\/blogs.elpunt.cat\/carlesribera\/bibliografia\/\">&#8220;Not\u00edcia d&#8217;un republic\u00e0&#8221;, &#8220;Cent dies de Juliol&#8221; (Proa), &#8220;El carrer de l&#8217;infern&#8221; (Pag\u00e8s editors), i Acci\u00f3 Ciutadana, premsa republicana a Olot i Girona (1930-1934) (Fundaci\u00f3 Irla). Amb Carles Puigdemont, he publicat l&#8217;edici\u00f3 actualitzada de &#8220;Cataqu\u00e9&#8221; (La Campana)<\/a>. <\/p>\n","protected":false},"excerpt":{"rendered":"<p>Carles Ribera (Girona, 1968) Periodista i llicenciat en Hist\u00f2ria. Actualment treballo al Consell de l&#8217;Audiovisual de Catalunya (CAC) Vaig ser cofundador i vaig dirigir durant els primers quatre anys el setmanari La Rep\u00fablica, entre l\u2019abril de 2018 i el mar\u00e7 de 2022. Des de l\u20191 de juliol al 27 d\u2019octubre del 2017 vaig ser cap [&hellip;]<\/p>\n","protected":false},"author":5,"featured_media":0,"parent":0,"menu_order":0,"comment_status":"closed","ping_status":"closed","template":"","meta":{"footnotes":""},"class_list":["post-2","page","type-page","status-publish","hentry"],"_links":{"self":[{"href":"https:\/\/blogs.elpunt.cat\/carlesribera\/wp-json\/wp\/v2\/pages\/2","targetHints":{"allow":["GET"]}}],"collection":[{"href":"https:\/\/blogs.elpunt.cat\/carlesribera\/wp-json\/wp\/v2\/pages"}],"about":[{"href":"https:\/\/blogs.elpunt.cat\/carlesribera\/wp-json\/wp\/v2\/types\/page"}],"author":[{"embeddable":true,"href":"https:\/\/blogs.elpunt.cat\/carlesribera\/wp-json\/wp\/v2\/users\/5"}],"replies":[{"embeddable":true,"href":"https:\/\/blogs.elpunt.cat\/carlesribera\/wp-json\/wp\/v2\/comments?post=2"}],"version-history":[{"count":27,"href":"https:\/\/blogs.elpunt.cat\/carlesribera\/wp-json\/wp\/v2\/pages\/2\/revisions"}],"predecessor-version":[{"id":3981,"href":"https:\/\/blogs.elpunt.cat\/carlesribera\/wp-json\/wp\/v2\/pages\/2\/revisions\/3981"}],"wp:attachment":[{"href":"https:\/\/blogs.elpunt.cat\/carlesribera\/wp-json\/wp\/v2\/media?parent=2"}],"curies":[{"name":"wp","href":"https:\/\/api.w.org\/{rel}","templated":true}]}}