{"id":2,"date":"2009-02-13T09:18:34","date_gmt":"2009-02-13T08:18:34","guid":{"rendered":""},"modified":"2010-11-05T00:18:14","modified_gmt":"2010-11-04T23:18:14","slug":"about","status":"publish","type":"page","link":"https:\/\/blogs.elpunt.cat\/gemmabusquets\/about\/","title":{"rendered":"Quant a"},"content":{"rendered":"<p>Visc a Banyoles, on vaig n\u00e8ixer el 1975. Llicenciada en Periodisme per la UAB.\u00a0Treballo a El Punt des del 1996. Des de fa anys, escric sobre televisi\u00f3 i r\u00e0dio; tot un m\u00f3n imaginari.<\/p>\n","protected":false},"excerpt":{"rendered":"<p>Visc a Banyoles, on vaig n\u00e8ixer el 1975. Llicenciada en Periodisme per la UAB.\u00a0Treballo a El Punt des del 1996. Des de fa anys, escric sobre televisi\u00f3 i r\u00e0dio; tot un m\u00f3n imaginari.<\/p>\n","protected":false},"author":14,"featured_media":0,"parent":0,"menu_order":0,"comment_status":"open","ping_status":"closed","template":"","meta":{"footnotes":""},"class_list":["post-2","page","type-page","status-publish","hentry"],"_links":{"self":[{"href":"https:\/\/blogs.elpunt.cat\/gemmabusquets\/wp-json\/wp\/v2\/pages\/2","targetHints":{"allow":["GET"]}}],"collection":[{"href":"https:\/\/blogs.elpunt.cat\/gemmabusquets\/wp-json\/wp\/v2\/pages"}],"about":[{"href":"https:\/\/blogs.elpunt.cat\/gemmabusquets\/wp-json\/wp\/v2\/types\/page"}],"author":[{"embeddable":true,"href":"https:\/\/blogs.elpunt.cat\/gemmabusquets\/wp-json\/wp\/v2\/users\/14"}],"replies":[{"embeddable":true,"href":"https:\/\/blogs.elpunt.cat\/gemmabusquets\/wp-json\/wp\/v2\/comments?post=2"}],"version-history":[{"count":3,"href":"https:\/\/blogs.elpunt.cat\/gemmabusquets\/wp-json\/wp\/v2\/pages\/2\/revisions"}],"predecessor-version":[{"id":2427,"href":"https:\/\/blogs.elpunt.cat\/gemmabusquets\/wp-json\/wp\/v2\/pages\/2\/revisions\/2427"}],"wp:attachment":[{"href":"https:\/\/blogs.elpunt.cat\/gemmabusquets\/wp-json\/wp\/v2\/media?parent=2"}],"curies":[{"name":"wp","href":"https:\/\/api.w.org\/{rel}","templated":true}]}}