{"id":57,"date":"2010-10-05T09:00:41","date_gmt":"2010-10-05T07:00:41","guid":{"rendered":"http:\/\/blogs.elpunt.cat\/josepbofill\/?page_id=57"},"modified":"2010-10-05T09:00:41","modified_gmt":"2010-10-05T07:00:41","slug":"la-setmana-que-ve-parlarem-del-govern","status":"publish","type":"page","link":"https:\/\/blogs.elpunt.cat\/josepbofill\/la-setmana-que-ve-parlarem-del-govern\/","title":{"rendered":"La setmana que v\u00e9, parlarem del govern"},"content":{"rendered":"<p class=\"MsoNormal\" style=\"margin: 0cm 0cm 10pt;text-align: justify\"><span style=\"font-size: small;font-family: Calibri\">Ahir (4.10), a El Punt (plana 8), llegia en Pius Pujades. Sobretot perqu\u00e8 em va cridar l\u2019atenci\u00f3 el t\u00edtol (L\u2019ofici de periodista) juntament amb la foto de l\u2019Arcadi Calzada que il\u00b7lustrava la seva cr\u00f2nica. La barreja em va despertar la curiositat vers el seu contingut. En el seu anar i venir, en Pius, acabava la seva cr\u00f2nica amb una frase que podria ser lapid\u00e0ria: \u201cSer periodista no \u00e9s gens f\u00e0cil, creieu-me.\u201d<\/span><\/p>\n<p class=\"MsoNormal\" style=\"margin: 0cm 0cm 10pt;text-align: justify\"><span style=\"font-size: small;font-family: Calibri\">Aquest final, \u00e9s el que m\u00e9s em va fer pensar, i \u00e9s per aix\u00f2 que en posar-me davant l\u2019ordinador encara tinc dubtes de si el que pugui explicar pot ser d\u2019alguna utilitat. La veritat <span>\u00a0<\/span>\u00e9s que en aquests meus inicis de <em>bloquer<\/em>, intento trobar l\u2019equilibri entre el que \u00e9s informaci\u00f3, opini\u00f3, reflexi\u00f3, comunicaci\u00f3&#8230;<span>\u00a0 <\/span>amb algun moment que trenqui la balan\u00e7a no per fugir de les normes, sin\u00f3 perqu\u00e8 els mateixos principis <span>\u00a0<\/span>ho requereixin.<\/span><\/p>\n<p class=\"MsoNormal\" style=\"margin: 0cm 0cm 10pt;text-align: center\"><strong><span style=\"font-size: small\"><span style=\"font-family: Calibri\"><a href=\"http:\/\/blogs.elpunt.cat\/josepbofill\/files\/2010\/10\/josepcarreras.jpg\"><\/a><a href=\"http:\/\/blogs.elpunt.cat\/josepbofill\/files\/2010\/10\/josepcarrerasriera.jpg\"><img loading=\"lazy\" decoding=\"async\" class=\"alignright size-medium wp-image-69\" src=\"http:\/\/blogs.elpunt.cat\/josepbofill\/files\/2010\/10\/josepcarrerasriera-300x288.jpg\" alt=\"\" width=\"297\" height=\"286\" \/><\/a>En record del fot\u00f2graf <span>\u00a0<\/span>begurenc <\/span><\/span><\/strong><strong><span style=\"font-size: small\"><span style=\"font-family: Calibri\">Josep Carreras i Riera (1920-2002)<\/span><\/span><\/strong><\/p>\n<p class=\"MsoNormal\" style=\"margin: 0cm 0cm 10pt;text-align: justify\"><span style=\"font-size: small;font-family: Calibri\">En aquesta ocasi\u00f3, m\u2019agradaria recordar que l\u2019\u00e0rea de Cultura de l\u2019Ajuntament de Begur torna posar en marxa el concurs de fotografia en mem\u00f2ria de l\u2019il\u00b7lustre fot\u00f2graf\u00a0begurenc Josep Carreras, que aquest any ja arriba a la cinquena edici\u00f3. Les obres es poden presentar fins el dia 5 de novembre, i les fotografies quedaran exposades al Centre Cultural Escolles Velles de Begur, del 13 al dia 27 del mes vinent.<\/span><\/p>\n<p class=\"MsoNormal\" style=\"margin: 0cm 0cm 10pt;text-align: justify\"><span style=\"font-size: small;font-family: Calibri\">A Josep Carreras es pot dir que el coneixia de tota la vida encara que no el vaig poder tractar una mica de prop fins que es va jubilar, en unes xerrades que f\u00e8iem al despatx que tenia a la botiga que llavors ja portava el seu fill Dito. <\/span><\/p>\n<p class=\"MsoNormal\" style=\"margin: 0cm 0cm 10pt;text-align: justify\"><span style=\"font-size: small;font-family: Calibri\">Que l\u2019entranyable fot\u00f2graf comenc\u00e9s a retratar Begur quan tenia uns vint anys, pam endavant, pam endarrere, ha representat un llegat important\u00edssim per la vila \u201cd\u2019es pedr\u00eds llarg\u201d en particular, i pels rodals del municipi en general. S\u00f3n unes fotografies que deixen const\u00e0ncia del que era i encara podria ser la part de l\u2019 anomenada Costa Brava centre. Era en l\u2019\u00e8poca del boom del turisme i del creixement del litoral de Blanes a Portbou. Un creixement i evoluci\u00f3 del <span>\u00a0<\/span>qual el terme de Begur n\u2019era un exemple prou clar, amb restriccions pol\u00edtiques franquistes incloses, que s\u2019anaven campejant com es podia.<\/span><\/p>\n<p class=\"MsoNormal\" style=\"margin: 0cm 0cm 10pt;text-align: justify\"><span style=\"font-size: small\"><span style=\"font-family: Calibri\"><span>\u00a0A partir de 1950, l<\/span>a m\u00e0quina de retratar de Josep Carreras anava captant una relativa normalitzaci\u00f3 del nostre Pa\u00eds, i anava deixant testimoni de fets i obres importants com ara la decisi\u00f3 del Ministerio de Turismo espanyol (1964) d\u2019instal\u00b7lar el Parador Nacional de Turisme d\u2019Aiguablava en territori begurenc, al bell centre de la Costa Brava. La qual cosa, juntament amb la construcci\u00f3 de l\u2019hotel Cap Sa Sal\u00a0quines obres es van comen\u00e7ar l&#8217;any 1955, sent inaugurat el 1963 i tancant les seves portes l&#8217;any 1979, i la seva sala de festes (de manera ef\u00edmera per\u00f2 que va donar molt prestigi a la zona),<span>\u00a0 <\/span>va representar el degoteig constant d\u2019artistes i pol\u00edtics a la zona begurenca. Tot aix\u00f2 ho va retratar en Josep Carreras, representant una promoci\u00f3 de <em>pebrots<\/em> per la difusi\u00f3 que es va fer d&#8217;aquelles fotografies. <span>\u00a0<\/span>Com tamb\u00e9 va ser una promoci\u00f3 impagable les fotos que va fer de la <em>bailaora<\/em> Carmen Amaya, que van donar la volta al m\u00f3n. O, de manera m\u00e9s local, actes de la vida social, festiva i quotidiana del seu poble, que formen part d\u2019una evoluci\u00f3 progressiva del territori. Tot plegat, sense deixar de banda un altra fet rellevant en la seva carrera professional: quan va ser contractat per la companyia cinematogr\u00e0fica Columbia Films, com a segon responsable de la foto fixa per a la pel\u00b7l\u00edcula \u201cDe repente, el \u00faltimo verano\u201d<span> (sobre una obra de teatre<\/span><span> escrita pel dramaturg Tennessee Williams)<\/span> que va interpretar <span>\u00a0<\/span><span>Elizabeth Taylor <\/span><span>.<\/span><\/span><\/span><\/p>\n<p class=\"MsoNormal\" style=\"margin: 0cm 0cm 10pt;text-align: justify\"><span style=\"font-size: small\"><span style=\"font-family: Calibri\"><strong><span>Fer de periodista<\/span><\/strong><strong><\/strong><\/span><\/span><\/p>\n<p class=\"MsoNormal\" style=\"margin: 0cm 0cm 10pt;text-align: justify\"><span style=\"font-size: small;font-family: Calibri\">Ja ho veieu, abans d\u2019obrir l\u2019ordinador volia fer una pinzellada dels plens dels ajuntaments que tot i ser sopor\u00edfers en la seva forma s\u00f3n necessaris en el seu contingut, i\u00a0resulta que m\u2019he cruspit l\u2019espai m\u00e9s o menys previst, sense fer-ho. Ser\u00e0 el que deia en Pius, que ser periodista (i fer-ne, hi afegiria jo) no \u00e9s gens f\u00e0cil? Sigui el que sigui, potser en la propera sessi\u00f3 <em>bloquista<\/em>, dedicar\u00e9 les ratlles a les contradiccions posades de manifest en mat\u00e8ria de permisos d\u2019obres i llic\u00e8ncies d\u2019obertura de locals comercials, de l\u2019Ajuntament de Palafrugell. O b\u00e9 veure, a La Bisbal, <span>\u00a0<\/span>com est\u00e0 una <span>\u00a0<\/span>important subvenci\u00f3 per a la <span>\u00a0<\/span>rehabilitaci\u00f3 i ampliaci\u00f3 del <span>\u00a0<\/span>Terracotta Museu. I \u00e9s <span>\u00a0<\/span>que me\u2019n va refrescar la mem\u00f2ria, precisament, el ple extraordinari que es va celebrar a la vila del peix fregit a mitjans del mes de setembre. Hi havia un punt\u00a0en el qual \u00a0es va aprovar el projecte de la Fase 5 del Museu del Suro, i vaig aprofitar per mirar la llista de beneficiaris de la subvenci\u00f3. Resultat:\u00a0em vaig trobar que entre les concessions, hi havia la del Museu Terracotta de La Bisbal. El cas \u00e9s que l\u2019altra dia en passar per La Bisbal, em vaig\u00a0 fixar que el museu de la cer\u00e0mica est\u00e0 tancat i sense cap senyal que s\u2019hi <span>\u00a0<\/span>estigui portant a terme l\u2019execuci\u00f3 del projecte museogr\u00e0fic que havia estat seleccionat amb cofinan\u00e7ament FEDER pel per\u00edode 2007-2010. \u00c9s que els hi ha passat per alt?<\/span><\/p>\n<p class=\"MsoNormal\" style=\"margin: 0cm 0cm 10pt;text-align: justify\"><span style=\"font-size: small;font-family: Calibri\">Tot plegat intentar\u00e9 esbrinar-ho, i per tant, <span>\u00a0<\/span>\u201cla setmana vinent parlarem del govern\u201d. (Traducci\u00f3 de la m\u00edtica frase de Tip i Coll en acabar el programa que feien a TVE per all\u00e0&#8230; fa molts anys&#8230;)<\/span><\/p>\n","protected":false},"excerpt":{"rendered":"<p>Ahir (4.10), a El Punt (plana 8), llegia en Pius Pujades. Sobretot perqu\u00e8 em va cridar l\u2019atenci\u00f3 el t\u00edtol (L\u2019ofici de periodista) juntament amb la foto de l\u2019Arcadi Calzada que il\u00b7lustrava la seva cr\u00f2nica. La barreja em va despertar la curiositat vers el seu contingut. En el seu anar i venir, en Pius, acabava la [&hellip;]<\/p>\n","protected":false},"author":40,"featured_media":0,"parent":0,"menu_order":0,"comment_status":"open","ping_status":"closed","template":"","meta":{"footnotes":""},"class_list":["post-57","page","type-page","status-publish","hentry"],"_links":{"self":[{"href":"https:\/\/blogs.elpunt.cat\/josepbofill\/wp-json\/wp\/v2\/pages\/57","targetHints":{"allow":["GET"]}}],"collection":[{"href":"https:\/\/blogs.elpunt.cat\/josepbofill\/wp-json\/wp\/v2\/pages"}],"about":[{"href":"https:\/\/blogs.elpunt.cat\/josepbofill\/wp-json\/wp\/v2\/types\/page"}],"author":[{"embeddable":true,"href":"https:\/\/blogs.elpunt.cat\/josepbofill\/wp-json\/wp\/v2\/users\/40"}],"replies":[{"embeddable":true,"href":"https:\/\/blogs.elpunt.cat\/josepbofill\/wp-json\/wp\/v2\/comments?post=57"}],"version-history":[{"count":27,"href":"https:\/\/blogs.elpunt.cat\/josepbofill\/wp-json\/wp\/v2\/pages\/57\/revisions"}],"predecessor-version":[{"id":86,"href":"https:\/\/blogs.elpunt.cat\/josepbofill\/wp-json\/wp\/v2\/pages\/57\/revisions\/86"}],"wp:attachment":[{"href":"https:\/\/blogs.elpunt.cat\/josepbofill\/wp-json\/wp\/v2\/media?parent=57"}],"curies":[{"name":"wp","href":"https:\/\/api.w.org\/{rel}","templated":true}]}}