{"id":2,"date":"2009-02-09T15:42:25","date_gmt":"2009-02-09T14:42:25","guid":{"rendered":""},"modified":"2023-12-01T15:37:19","modified_gmt":"2023-12-01T14:37:19","slug":"about","status":"publish","type":"page","link":"https:\/\/blogs.elpunt.cat\/narcisgenis\/about\/","title":{"rendered":"Narc\u00eds Gen\u00eds"},"content":{"rendered":"<p>Vaig n\u00e9ixer a Figueres (Alt Empord\u00e0) un 12 de setembre. S\u00f3c periodista. Vinculat al projecte d&#8217;El Punt i El Punt Avui des del 1979. He presidit la <a href=\"http:\/\/www.periodistes.org\/?q=inici\/girona\" target=\"_blank\" rel=\"noopener\">demarcaci\u00f3 de Girona del Col\u00b7legi de Periodistes de Catalunya<\/a><\/p>\n<p>Si voleu saber m\u00e9s:\u00a0<a href=\"http:\/\/www.periodistes.org\/curriculum_genisreixach\" target=\"_blank\" rel=\"noopener\">Apunt biogr\u00e0fic\u00a0\u00a0<\/a><\/p>\n<p>Tamb\u00e9 podeu consultar la meva \u00a0<a href=\"http:\/\/ngenis.blogspot.com\/\" target=\"_blank\" rel=\"noopener\">Bit\u00e0cola personal al Blogger<\/a><\/p>\n","protected":false},"excerpt":{"rendered":"<p>Vaig n\u00e9ixer a Figueres (Alt Empord\u00e0) un 12 de setembre. S\u00f3c periodista. Vinculat al projecte d&#8217;El Punt i El Punt Avui des del 1979. He presidit la demarcaci\u00f3 de Girona del Col\u00b7legi de Periodistes de Catalunya Si voleu saber m\u00e9s:\u00a0Apunt &hellip; <a href=\"https:\/\/blogs.elpunt.cat\/narcisgenis\/about\/\">Continua llegint <span class=\"meta-nav\">&rarr;<\/span><\/a><\/p>\n","protected":false},"author":12,"featured_media":0,"parent":0,"menu_order":0,"comment_status":"closed","ping_status":"closed","template":"","meta":{"footnotes":""},"class_list":["post-2","page","type-page","status-publish","hentry"],"jetpack_sharing_enabled":true,"_links":{"self":[{"href":"https:\/\/blogs.elpunt.cat\/narcisgenis\/wp-json\/wp\/v2\/pages\/2","targetHints":{"allow":["GET"]}}],"collection":[{"href":"https:\/\/blogs.elpunt.cat\/narcisgenis\/wp-json\/wp\/v2\/pages"}],"about":[{"href":"https:\/\/blogs.elpunt.cat\/narcisgenis\/wp-json\/wp\/v2\/types\/page"}],"author":[{"embeddable":true,"href":"https:\/\/blogs.elpunt.cat\/narcisgenis\/wp-json\/wp\/v2\/users\/12"}],"replies":[{"embeddable":true,"href":"https:\/\/blogs.elpunt.cat\/narcisgenis\/wp-json\/wp\/v2\/comments?post=2"}],"version-history":[{"count":7,"href":"https:\/\/blogs.elpunt.cat\/narcisgenis\/wp-json\/wp\/v2\/pages\/2\/revisions"}],"predecessor-version":[{"id":1293,"href":"https:\/\/blogs.elpunt.cat\/narcisgenis\/wp-json\/wp\/v2\/pages\/2\/revisions\/1293"}],"wp:attachment":[{"href":"https:\/\/blogs.elpunt.cat\/narcisgenis\/wp-json\/wp\/v2\/media?parent=2"}],"curies":[{"name":"wp","href":"https:\/\/api.w.org\/{rel}","templated":true}]}}